{"id":112,"date":"2020-06-02T03:25:52","date_gmt":"2020-06-02T03:25:52","guid":{"rendered":"http:\/\/www.hopeseguros.com.mx\/?page_id=112"},"modified":"2024-10-23T03:28:31","modified_gmt":"2024-10-23T03:28:31","slug":"aviso-de-privacidad","status":"publish","type":"page","link":"https:\/\/www.hopeseguros.com.mx\/?page_id=112","title":{"rendered":"Aviso de Privacidad"},"content":{"rendered":"\n<div class=\"wp-block-cover is-light\" style=\"min-height:280px;aspect-ratio:unset;\"><span aria-hidden=\"true\" class=\"wp-block-cover__background has-background-dim-20 has-background-dim\"><\/span><img fetchpriority=\"high\" decoding=\"async\" width=\"2560\" height=\"1205\" class=\"wp-block-cover__image-background wp-image-118\" alt=\"\" src=\"http:\/\/www.hopeseguros.com.mx\/wp-content\/uploads\/2020\/06\/stockvault-security-solutions-global-security-online-security253013-scaled.jpg\" data-object-fit=\"cover\" srcset=\"https:\/\/www.hopeseguros.com.mx\/wp-content\/uploads\/2020\/06\/stockvault-security-solutions-global-security-online-security253013-scaled.jpg 2560w, https:\/\/www.hopeseguros.com.mx\/wp-content\/uploads\/2020\/06\/stockvault-security-solutions-global-security-online-security253013-300x141.jpg 300w, https:\/\/www.hopeseguros.com.mx\/wp-content\/uploads\/2020\/06\/stockvault-security-solutions-global-security-online-security253013-1024x482.jpg 1024w, https:\/\/www.hopeseguros.com.mx\/wp-content\/uploads\/2020\/06\/stockvault-security-solutions-global-security-online-security253013-768x362.jpg 768w, https:\/\/www.hopeseguros.com.mx\/wp-content\/uploads\/2020\/06\/stockvault-security-solutions-global-security-online-security253013-1536x723.jpg 1536w, https:\/\/www.hopeseguros.com.mx\/wp-content\/uploads\/2020\/06\/stockvault-security-solutions-global-security-online-security253013-2048x964.jpg 2048w\" sizes=\"(max-width: 2560px) 100vw, 2560px\" \/><div class=\"wp-block-cover__inner-container is-layout-flow wp-block-cover-is-layout-flow\">\n<p class=\"has-text-align-center has-white-color has-text-color has-link-color wp-elements-4478e1f47955c2c5e587386cd7f6e66d\" style=\"font-size:49px\"><strong>Aviso de Privacidad<\/strong><\/p>\n<\/div><\/div>\n\n\n\n<p><strong><em>HOPE AGENTE DE SEGUROS Y DE FIANZAS S.A. DE C.V.<\/em>,<\/strong> con domicilio en <strong>V\u00cdA AUGUSTA \u00a0#130, Col. Fuentes Del Valle, en San Pedro Garza Garc\u00eda, N.L<\/strong>., es responsable de recabar, sus datos personales, del uso que se le d\u00e9 los mismos y de su protecci\u00f3n.<\/p>\n\n\n\n<p>Con el fin de&nbsp; cumplir con el contrato de seguro o fianza, seg\u00fan sea el caso, solicitado, Hope Agente de Seguros y De Fianzas, S.A. de C.V. recabar\u00e1 la siguiente informaci\u00f3n, m\u00e1s no limitada a:<\/p>\n\n\n\n<ul class=\"wp-block-list\">\n<li>Datos Personales de identificaci\u00f3n&nbsp;como: Nombre completo, direcci\u00f3n, tel\u00e9fono, fecha de nacimiento, peso y estatura.<\/li>\n\n\n\n<li>Datos patrimoniales como: datos bancarios, nivel de ingresos, actividad econ\u00f3mica.<\/li>\n\n\n\n<li>Datos Sensibles como: estado de salud, afiliaci\u00f3n&nbsp;sindical, exposici\u00f3n&nbsp;pol\u00edtica, descendencia familiar o&nbsp;\u00e9tnica.<\/li>\n<\/ul>\n\n\n\n<p>Dicha informaci\u00f3n&nbsp;podr\u00e1 ser recabada por distintas fuentes de informaci\u00f3n como: solicitudes de seguros o fianzas, formatos electr\u00f3nicos o verbal. Esta informaci\u00f3n solo ser\u00e1 provista a la(s) compa\u00f1\u00eda(s) aseguradora(s) o afianzadora(s) con la cual se pretenda establecer un v\u00ednculo comercial.<\/p>\n\n\n\n<p>Toda informaci\u00f3n que <em>HOPE AGENTE&nbsp; DE SEGUROS Y DE FIANZAS <\/em>recabe , ser\u00e1 tratada con confidencialidad y nos ser\u00e1 utilizada con fines de lucro o il\u00edcitos. No obstante, estos datos podr\u00e1n ser compartidos con terceros en algunos casos, como los siguientes:<\/p>\n\n\n\n<ul class=\"wp-block-list\">\n<li>Para dar cumplimiento al(los) contrato(s) celebrados con el Titular y\/o con terceros.<\/li>\n\n\n\n<li>En los que la autoridad lo demande,<\/li>\n\n\n\n<li>En el cumplimiento de cualquier otra ley,<\/li>\n\n\n\n<li>Cuando Hope Agente de Seguros y de Fianzas considere necesario y en beneficio del cliente se transferir\u00e1 la informaci\u00f3n realizando el esfuerzo comercialmente razonable para resguardar la seguridad de los datos. <\/li>\n\n\n\n<li>En los&nbsp;dem\u00e1s&nbsp;casos previstos por las leyes aplicables.<\/li>\n<\/ul>\n\n\n\n<p>En caso de que el Titular desee acceder, revocar, cancelar u oponerse al uso de estos datos, podr\u00e1&nbsp;presentar por escrito dicha solicitud a la siguiente direcci\u00f3n:<\/p>\n\n\n\n<p><strong>Direcci\u00f3n: V\u00cdA AUGUSTA #130, Col. del Valle San Pedro Garza Garc\u00eda, N.L.Tel\u00e9fono: (81)83359797 y 83359790<\/strong><\/p>\n\n\n\n<p>Horario de atenci\u00f3n: de lunes a viernes de 9:00 a 1:30 a 3:00 p.m. a 6:00 p.m. correo electr\u00f3nico:&nbsp;<a href=\"mailto:contacto@hopeseguros.com.mx?subject=\">contacto@hopeseguros.com.mx<\/a><\/p>\n\n\n\n<p><em>HOPE<\/em> se reserva el derecho de modificar este aviso en su p\u00e1gina de Internet&nbsp;<a href=\"http:\/\/www.hopeseguros.com.mx\/\">www.hopeseguros.com.mx<\/a><\/p>\n\n\n\n<p><\/p>\n","protected":false},"excerpt":{"rendered":"<p>HOPE AGENTE DE SEGUROS Y DE FIANZAS S.A. DE C.V., con domicilio en V\u00cdA AUGUSTA \u00a0#130, Col. Fuentes Del Valle, en San Pedro Garza Garc\u00eda, N.L., es responsable de recabar, sus datos personales, del uso que se le d\u00e9 los mismos y de su protecci\u00f3n. Con el fin de&nbsp; cumplir con el contrato de seguro o fianza, seg\u00fan sea el [&hellip;]<\/p>\n","protected":false},"author":1,"featured_media":0,"parent":0,"menu_order":0,"comment_status":"closed","ping_status":"closed","template":"","meta":{"footnotes":""},"class_list":["post-112","page","type-page","status-publish","hentry"],"yoast_head":"<!-- This site is optimized with the Yoast SEO plugin v27.1.1 - https:\/\/yoast.com\/product\/yoast-seo-wordpress\/ -->\n<title>Aviso de Privacidad - BROKER DE SEGUROS Y FIANZAS<\/title>\n<meta name=\"robots\" content=\"index, follow, max-snippet:-1, max-image-preview:large, max-video-preview:-1\" \/>\n<link rel=\"canonical\" href=\"https:\/\/www.hopeseguros.com.mx\/?page_id=112\" \/>\n<meta property=\"og:locale\" content=\"en_US\" \/>\n<meta property=\"og:type\" content=\"article\" \/>\n<meta property=\"og:title\" content=\"Aviso de Privacidad - BROKER DE SEGUROS Y FIANZAS\" \/>\n<meta property=\"og:description\" content=\"HOPE AGENTE DE SEGUROS Y DE FIANZAS S.A. DE C.V., con domicilio en V\u00cdA AUGUSTA \u00a0#130, Col. Fuentes Del Valle, en San Pedro Garza Garc\u00eda, N.L., es responsable de recabar, sus datos personales, del uso que se le d\u00e9 los mismos y de su protecci\u00f3n. Con el fin de&nbsp; cumplir con el contrato de seguro o fianza, seg\u00fan sea el [&hellip;]\" \/>\n<meta property=\"og:url\" content=\"https:\/\/www.hopeseguros.com.mx\/?page_id=112\" \/>\n<meta property=\"og:site_name\" content=\"BROKER DE SEGUROS Y FIANZAS\" \/>\n<meta property=\"article:modified_time\" content=\"2024-10-23T03:28:31+00:00\" \/>\n<meta property=\"og:image\" content=\"http:\/\/www.hopeseguros.com.mx\/wp-content\/uploads\/2020\/06\/stockvault-security-solutions-global-security-online-security253013-scaled.jpg\" \/>\n<meta name=\"twitter:card\" content=\"summary_large_image\" \/>\n<meta name=\"twitter:label1\" content=\"Est. reading time\" \/>\n\t<meta name=\"twitter:data1\" content=\"2 minutes\" \/>\n<script type=\"application\/ld+json\" class=\"yoast-schema-graph\">{\"@context\":\"https:\/\/schema.org\",\"@graph\":[{\"@type\":\"WebPage\",\"@id\":\"https:\/\/www.hopeseguros.com.mx\/?page_id=112\",\"url\":\"https:\/\/www.hopeseguros.com.mx\/?page_id=112\",\"name\":\"Aviso de Privacidad - BROKER DE SEGUROS Y FIANZAS\",\"isPartOf\":{\"@id\":\"https:\/\/www.hopeseguros.com.mx\/#website\"},\"primaryImageOfPage\":{\"@id\":\"https:\/\/www.hopeseguros.com.mx\/?page_id=112#primaryimage\"},\"image\":{\"@id\":\"https:\/\/www.hopeseguros.com.mx\/?page_id=112#primaryimage\"},\"thumbnailUrl\":\"http:\/\/www.hopeseguros.com.mx\/wp-content\/uploads\/2020\/06\/stockvault-security-solutions-global-security-online-security253013-scaled.jpg\",\"datePublished\":\"2020-06-02T03:25:52+00:00\",\"dateModified\":\"2024-10-23T03:28:31+00:00\",\"breadcrumb\":{\"@id\":\"https:\/\/www.hopeseguros.com.mx\/?page_id=112#breadcrumb\"},\"inLanguage\":\"en\",\"potentialAction\":[{\"@type\":\"ReadAction\",\"target\":[\"https:\/\/www.hopeseguros.com.mx\/?page_id=112\"]}]},{\"@type\":\"ImageObject\",\"inLanguage\":\"en\",\"@id\":\"https:\/\/www.hopeseguros.com.mx\/?page_id=112#primaryimage\",\"url\":\"https:\/\/www.hopeseguros.com.mx\/wp-content\/uploads\/2020\/06\/stockvault-security-solutions-global-security-online-security253013-scaled.jpg\",\"contentUrl\":\"https:\/\/www.hopeseguros.com.mx\/wp-content\/uploads\/2020\/06\/stockvault-security-solutions-global-security-online-security253013-scaled.jpg\",\"width\":2560,\"height\":1205,\"caption\":\"AVISO DE PRIVACIDAD\"},{\"@type\":\"BreadcrumbList\",\"@id\":\"https:\/\/www.hopeseguros.com.mx\/?page_id=112#breadcrumb\",\"itemListElement\":[{\"@type\":\"ListItem\",\"position\":1,\"name\":\"Home\",\"item\":\"https:\/\/www.hopeseguros.com.mx\/\"},{\"@type\":\"ListItem\",\"position\":2,\"name\":\"Aviso de Privacidad\"}]},{\"@type\":\"WebSite\",\"@id\":\"https:\/\/www.hopeseguros.com.mx\/#website\",\"url\":\"https:\/\/www.hopeseguros.com.mx\/\",\"name\":\"HOPE AGENTE\",\"description\":\"Expertos en seguros y fianzas\",\"publisher\":{\"@id\":\"https:\/\/www.hopeseguros.com.mx\/#organization\"},\"potentialAction\":[{\"@type\":\"SearchAction\",\"target\":{\"@type\":\"EntryPoint\",\"urlTemplate\":\"https:\/\/www.hopeseguros.com.mx\/?s={search_term_string}\"},\"query-input\":{\"@type\":\"PropertyValueSpecification\",\"valueRequired\":true,\"valueName\":\"search_term_string\"}}],\"inLanguage\":\"en\"},{\"@type\":\"Organization\",\"@id\":\"https:\/\/www.hopeseguros.com.mx\/#organization\",\"name\":\"Hope Agente de Seguros y De Fianzas\",\"url\":\"https:\/\/www.hopeseguros.com.mx\/\",\"logo\":{\"@type\":\"ImageObject\",\"inLanguage\":\"en\",\"@id\":\"https:\/\/www.hopeseguros.com.mx\/#\/schema\/logo\/image\/\",\"url\":\"https:\/\/www.hopeseguros.com.mx\/wp-content\/uploads\/2019\/05\/01-LogoHope-01.jpg\",\"contentUrl\":\"https:\/\/www.hopeseguros.com.mx\/wp-content\/uploads\/2019\/05\/01-LogoHope-01.jpg\",\"width\":1208,\"height\":579,\"caption\":\"Hope Agente de Seguros y De Fianzas\"},\"image\":{\"@id\":\"https:\/\/www.hopeseguros.com.mx\/#\/schema\/logo\/image\/\"}}]}<\/script>\n<!-- \/ Yoast SEO plugin. -->","yoast_head_json":{"title":"Aviso de Privacidad - BROKER DE SEGUROS Y FIANZAS","robots":{"index":"index","follow":"follow","max-snippet":"max-snippet:-1","max-image-preview":"max-image-preview:large","max-video-preview":"max-video-preview:-1"},"canonical":"https:\/\/www.hopeseguros.com.mx\/?page_id=112","og_locale":"en_US","og_type":"article","og_title":"Aviso de Privacidad - BROKER DE SEGUROS Y FIANZAS","og_description":"HOPE AGENTE DE SEGUROS Y DE FIANZAS S.A. DE C.V., con domicilio en V\u00cdA AUGUSTA \u00a0#130, Col. Fuentes Del Valle, en San Pedro Garza Garc\u00eda, N.L., es responsable de recabar, sus datos personales, del uso que se le d\u00e9 los mismos y de su protecci\u00f3n. Con el fin de&nbsp; cumplir con el contrato de seguro o fianza, seg\u00fan sea el [&hellip;]","og_url":"https:\/\/www.hopeseguros.com.mx\/?page_id=112","og_site_name":"BROKER DE SEGUROS Y FIANZAS","article_modified_time":"2024-10-23T03:28:31+00:00","og_image":[{"url":"http:\/\/www.hopeseguros.com.mx\/wp-content\/uploads\/2020\/06\/stockvault-security-solutions-global-security-online-security253013-scaled.jpg","type":"","width":"","height":""}],"twitter_card":"summary_large_image","twitter_misc":{"Est. reading time":"2 minutes"},"schema":{"@context":"https:\/\/schema.org","@graph":[{"@type":"WebPage","@id":"https:\/\/www.hopeseguros.com.mx\/?page_id=112","url":"https:\/\/www.hopeseguros.com.mx\/?page_id=112","name":"Aviso de Privacidad - BROKER DE SEGUROS Y FIANZAS","isPartOf":{"@id":"https:\/\/www.hopeseguros.com.mx\/#website"},"primaryImageOfPage":{"@id":"https:\/\/www.hopeseguros.com.mx\/?page_id=112#primaryimage"},"image":{"@id":"https:\/\/www.hopeseguros.com.mx\/?page_id=112#primaryimage"},"thumbnailUrl":"http:\/\/www.hopeseguros.com.mx\/wp-content\/uploads\/2020\/06\/stockvault-security-solutions-global-security-online-security253013-scaled.jpg","datePublished":"2020-06-02T03:25:52+00:00","dateModified":"2024-10-23T03:28:31+00:00","breadcrumb":{"@id":"https:\/\/www.hopeseguros.com.mx\/?page_id=112#breadcrumb"},"inLanguage":"en","potentialAction":[{"@type":"ReadAction","target":["https:\/\/www.hopeseguros.com.mx\/?page_id=112"]}]},{"@type":"ImageObject","inLanguage":"en","@id":"https:\/\/www.hopeseguros.com.mx\/?page_id=112#primaryimage","url":"https:\/\/www.hopeseguros.com.mx\/wp-content\/uploads\/2020\/06\/stockvault-security-solutions-global-security-online-security253013-scaled.jpg","contentUrl":"https:\/\/www.hopeseguros.com.mx\/wp-content\/uploads\/2020\/06\/stockvault-security-solutions-global-security-online-security253013-scaled.jpg","width":2560,"height":1205,"caption":"AVISO DE PRIVACIDAD"},{"@type":"BreadcrumbList","@id":"https:\/\/www.hopeseguros.com.mx\/?page_id=112#breadcrumb","itemListElement":[{"@type":"ListItem","position":1,"name":"Home","item":"https:\/\/www.hopeseguros.com.mx\/"},{"@type":"ListItem","position":2,"name":"Aviso de Privacidad"}]},{"@type":"WebSite","@id":"https:\/\/www.hopeseguros.com.mx\/#website","url":"https:\/\/www.hopeseguros.com.mx\/","name":"HOPE AGENTE","description":"Expertos en seguros y fianzas","publisher":{"@id":"https:\/\/www.hopeseguros.com.mx\/#organization"},"potentialAction":[{"@type":"SearchAction","target":{"@type":"EntryPoint","urlTemplate":"https:\/\/www.hopeseguros.com.mx\/?s={search_term_string}"},"query-input":{"@type":"PropertyValueSpecification","valueRequired":true,"valueName":"search_term_string"}}],"inLanguage":"en"},{"@type":"Organization","@id":"https:\/\/www.hopeseguros.com.mx\/#organization","name":"Hope Agente de Seguros y De Fianzas","url":"https:\/\/www.hopeseguros.com.mx\/","logo":{"@type":"ImageObject","inLanguage":"en","@id":"https:\/\/www.hopeseguros.com.mx\/#\/schema\/logo\/image\/","url":"https:\/\/www.hopeseguros.com.mx\/wp-content\/uploads\/2019\/05\/01-LogoHope-01.jpg","contentUrl":"https:\/\/www.hopeseguros.com.mx\/wp-content\/uploads\/2019\/05\/01-LogoHope-01.jpg","width":1208,"height":579,"caption":"Hope Agente de Seguros y De Fianzas"},"image":{"@id":"https:\/\/www.hopeseguros.com.mx\/#\/schema\/logo\/image\/"}}]}},"_links":{"self":[{"href":"https:\/\/www.hopeseguros.com.mx\/index.php?rest_route=\/wp\/v2\/pages\/112","targetHints":{"allow":["GET"]}}],"collection":[{"href":"https:\/\/www.hopeseguros.com.mx\/index.php?rest_route=\/wp\/v2\/pages"}],"about":[{"href":"https:\/\/www.hopeseguros.com.mx\/index.php?rest_route=\/wp\/v2\/types\/page"}],"author":[{"embeddable":true,"href":"https:\/\/www.hopeseguros.com.mx\/index.php?rest_route=\/wp\/v2\/users\/1"}],"replies":[{"embeddable":true,"href":"https:\/\/www.hopeseguros.com.mx\/index.php?rest_route=%2Fwp%2Fv2%2Fcomments&post=112"}],"version-history":[{"count":5,"href":"https:\/\/www.hopeseguros.com.mx\/index.php?rest_route=\/wp\/v2\/pages\/112\/revisions"}],"predecessor-version":[{"id":1318,"href":"https:\/\/www.hopeseguros.com.mx\/index.php?rest_route=\/wp\/v2\/pages\/112\/revisions\/1318"}],"wp:attachment":[{"href":"https:\/\/www.hopeseguros.com.mx\/index.php?rest_route=%2Fwp%2Fv2%2Fmedia&parent=112"}],"curies":[{"name":"wp","href":"https:\/\/api.w.org\/{rel}","templated":true}]}}