{"id":217,"date":"2020-09-07T20:31:39","date_gmt":"2020-09-07T20:31:39","guid":{"rendered":"http:\/\/www.hopeseguros.com.mx\/?page_id=217"},"modified":"2024-02-16T01:18:54","modified_gmt":"2024-02-16T01:18:54","slug":"seguro-de-hogar","status":"publish","type":"page","link":"https:\/\/www.hopeseguros.com.mx\/?page_id=217","title":{"rendered":"Seguro de Hogar"},"content":{"rendered":"\n<figure class=\"wp-block-gallery has-nested-images columns-default is-cropped wp-block-gallery-1 is-layout-flex wp-block-gallery-is-layout-flex\">\n<figure class=\"wp-block-image size-large\"><img fetchpriority=\"high\" decoding=\"async\" width=\"1024\" height=\"682\" data-id=\"53\" src=\"https:\/\/www.hopeseguros.com.mx\/wp-content\/uploads\/2019\/05\/indoor-4148892_1280-1024x682.jpg\" alt=\"\" class=\"wp-image-53\" srcset=\"https:\/\/www.hopeseguros.com.mx\/wp-content\/uploads\/2019\/05\/indoor-4148892_1280-1024x682.jpg 1024w, https:\/\/www.hopeseguros.com.mx\/wp-content\/uploads\/2019\/05\/indoor-4148892_1280-300x200.jpg 300w, https:\/\/www.hopeseguros.com.mx\/wp-content\/uploads\/2019\/05\/indoor-4148892_1280-768x512.jpg 768w, https:\/\/www.hopeseguros.com.mx\/wp-content\/uploads\/2019\/05\/indoor-4148892_1280.jpg 1280w\" sizes=\"(max-width: 1024px) 100vw, 1024px\" \/><\/figure>\n\n\n\n<figure class=\"wp-block-image size-large\"><img decoding=\"async\" width=\"1024\" height=\"614\" data-id=\"221\" src=\"https:\/\/www.hopeseguros.com.mx\/wp-content\/uploads\/2020\/09\/furniture-998265_1280-1-1024x614.jpg\" alt=\"\" class=\"wp-image-221\" srcset=\"https:\/\/www.hopeseguros.com.mx\/wp-content\/uploads\/2020\/09\/furniture-998265_1280-1-1024x614.jpg 1024w, https:\/\/www.hopeseguros.com.mx\/wp-content\/uploads\/2020\/09\/furniture-998265_1280-1-300x180.jpg 300w, https:\/\/www.hopeseguros.com.mx\/wp-content\/uploads\/2020\/09\/furniture-998265_1280-1-768x461.jpg 768w, https:\/\/www.hopeseguros.com.mx\/wp-content\/uploads\/2020\/09\/furniture-998265_1280-1.jpg 1280w\" sizes=\"(max-width: 1024px) 100vw, 1024px\" \/><\/figure>\n\n\n\n<figure class=\"wp-block-image size-large\"><img decoding=\"async\" width=\"640\" height=\"360\" data-id=\"222\" src=\"https:\/\/www.hopeseguros.com.mx\/wp-content\/uploads\/2020\/09\/architecture-1477041_640.jpg\" alt=\"\" class=\"wp-image-222\" srcset=\"https:\/\/www.hopeseguros.com.mx\/wp-content\/uploads\/2020\/09\/architecture-1477041_640.jpg 640w, https:\/\/www.hopeseguros.com.mx\/wp-content\/uploads\/2020\/09\/architecture-1477041_640-300x169.jpg 300w\" sizes=\"(max-width: 640px) 100vw, 640px\" \/><\/figure>\n<\/figure>\n\n\n\n<p class=\"has-vivid-cyan-blue-color has-text-color\" style=\"font-size:18px\">Tu patrimonio m\u00e1s importante es tu hogar. Un seguro de hogar, no solo cubre los riesgos incendio de un edificio, tambi\u00e9n los da\u00f1os que puede sufrir sus contenidos al interior del domicilio. <\/p>\n\n\n\n<hr class=\"wp-block-separator has-css-opacity\"\/>\n\n\n\n<div class=\"wp-block-columns is-layout-flex wp-container-core-columns-is-layout-9d6595d7 wp-block-columns-is-layout-flex\">\n<div class=\"wp-block-column is-layout-flow wp-block-column-is-layout-flow\" style=\"flex-basis:33.33%\">\n<h2 class=\"wp-block-heading\">Coberturas<\/h2>\n<\/div>\n\n\n\n<div class=\"wp-block-column is-layout-flow wp-block-column-is-layout-flow\" style=\"flex-basis:66.66%\">\n<ul class=\"wp-block-list\">\n<li>INCENDIO EDIFICIO<\/li>\n\n\n\n<li>INCENDIO CONTENIDOS<\/li>\n\n\n\n<li>RESPONSABILIDAD CIVIL<\/li>\n\n\n\n<li>EQUIPO ELECTR\u00d3NICO<\/li>\n\n\n\n<li>ROBO<\/li>\n\n\n\n<li>CRISTALES<\/li>\n\n\n\n<li>ACCIDENTES<\/li>\n\n\n\n<li>ENTRE OTRAS&#8230;..<\/li>\n<\/ul>\n<\/div>\n<\/div>\n\n\n\n<p class=\"has-text-align-center has-vivid-cyan-blue-color has-text-color\" style=\"font-size:27px\">Con informaci\u00f3n b\u00e1sica podemos ofrecerte diferentes opciones de seguro: <\/p>\n\n\n\n<div class=\"wp-block-themeisle-blocks-advanced-columns has-2-columns has-desktop-oneTwo-layout has-tablet-equal-layout has-mobile-collapsedRows-layout has-default-gap has-vertical-unset\" id=\"wp-block-themeisle-blocks-advanced-columns-1df2ac25\"><div class=\"wp-block-themeisle-blocks-advanced-columns-overlay\"><\/div><div class=\"innerblocks-wrap\">\n\n<div class=\"wp-block-themeisle-blocks-advanced-column\" id=\"wp-block-themeisle-blocks-advanced-column-27310992\">\n\n<figure class=\"wp-block-image size-large is-resized\"><img loading=\"lazy\" decoding=\"async\" src=\"http:\/\/www.hopeseguros.com.mx\/wp-content\/uploads\/2019\/05\/business-962355_1280-1024x768.jpg\" alt=\"\" class=\"wp-image-54\" width=\"342\" height=\"258\" srcset=\"https:\/\/www.hopeseguros.com.mx\/wp-content\/uploads\/2019\/05\/business-962355_1280-1024x768.jpg 1024w, https:\/\/www.hopeseguros.com.mx\/wp-content\/uploads\/2019\/05\/business-962355_1280-300x225.jpg 300w, https:\/\/www.hopeseguros.com.mx\/wp-content\/uploads\/2019\/05\/business-962355_1280-768x576.jpg 768w, https:\/\/www.hopeseguros.com.mx\/wp-content\/uploads\/2019\/05\/business-962355_1280.jpg 1280w\" sizes=\"(max-width: 342px) 100vw, 342px\" \/><\/figure>\n\n<\/div>\n\n\n<div class=\"wp-block-themeisle-blocks-advanced-column\" id=\"wp-block-themeisle-blocks-advanced-column-340722ed\">\n\n<\/div>\n\n<\/div><\/div>\n","protected":false},"excerpt":{"rendered":"<p>Tu patrimonio m\u00e1s importante es tu hogar. Un seguro de hogar, no solo cubre los riesgos incendio de un edificio, tambi\u00e9n los da\u00f1os que puede sufrir sus contenidos al interior del domicilio. Coberturas Con informaci\u00f3n b\u00e1sica podemos ofrecerte diferentes opciones de seguro:<\/p>\n","protected":false},"author":1,"featured_media":0,"parent":0,"menu_order":0,"comment_status":"closed","ping_status":"closed","template":"","meta":{"footnotes":""},"class_list":["post-217","page","type-page","status-publish","hentry"],"yoast_head":"<!-- This site is optimized with the Yoast SEO plugin v27.1.1 - https:\/\/yoast.com\/product\/yoast-seo-wordpress\/ -->\n<title>Seguro de Hogar - BROKER DE SEGUROS Y FIANZAS<\/title>\n<meta name=\"description\" content=\"P\u00f3lizas de hogar con cobertura de celulares, equipo m\u00f3vil, audio y video. Adem\u00e1s robo de menaje de casa, dinero y valores.\" \/>\n<meta name=\"robots\" content=\"index, follow, max-snippet:-1, max-image-preview:large, max-video-preview:-1\" \/>\n<link rel=\"canonical\" href=\"https:\/\/www.hopeseguros.com.mx\/?page_id=217\" \/>\n<meta property=\"og:locale\" content=\"en_US\" \/>\n<meta property=\"og:type\" content=\"article\" \/>\n<meta property=\"og:title\" content=\"Seguro de Hogar - BROKER DE SEGUROS Y FIANZAS\" \/>\n<meta property=\"og:description\" content=\"P\u00f3lizas de hogar con cobertura de celulares, equipo m\u00f3vil, audio y video. Adem\u00e1s robo de menaje de casa, dinero y valores.\" \/>\n<meta property=\"og:url\" content=\"https:\/\/www.hopeseguros.com.mx\/?page_id=217\" \/>\n<meta property=\"og:site_name\" content=\"BROKER DE SEGUROS Y FIANZAS\" \/>\n<meta property=\"article:modified_time\" content=\"2024-02-16T01:18:54+00:00\" \/>\n<meta property=\"og:image\" content=\"https:\/\/www.hopeseguros.com.mx\/wp-content\/uploads\/2019\/05\/indoor-4148892_1280-1024x682.jpg\" \/>\n<meta name=\"twitter:card\" content=\"summary_large_image\" \/>\n<meta name=\"twitter:label1\" content=\"Est. reading time\" \/>\n\t<meta name=\"twitter:data1\" content=\"2 minutes\" \/>\n<script type=\"application\/ld+json\" class=\"yoast-schema-graph\">{\"@context\":\"https:\/\/schema.org\",\"@graph\":[{\"@type\":\"WebPage\",\"@id\":\"https:\/\/www.hopeseguros.com.mx\/?page_id=217\",\"url\":\"https:\/\/www.hopeseguros.com.mx\/?page_id=217\",\"name\":\"Seguro de Hogar - BROKER DE SEGUROS Y FIANZAS\",\"isPartOf\":{\"@id\":\"https:\/\/www.hopeseguros.com.mx\/#website\"},\"primaryImageOfPage\":{\"@id\":\"https:\/\/www.hopeseguros.com.mx\/?page_id=217#primaryimage\"},\"image\":{\"@id\":\"https:\/\/www.hopeseguros.com.mx\/?page_id=217#primaryimage\"},\"thumbnailUrl\":\"https:\/\/www.hopeseguros.com.mx\/wp-content\/uploads\/2019\/05\/indoor-4148892_1280-1024x682.jpg\",\"datePublished\":\"2020-09-07T20:31:39+00:00\",\"dateModified\":\"2024-02-16T01:18:54+00:00\",\"description\":\"P\u00f3lizas de hogar con cobertura de celulares, equipo m\u00f3vil, audio y video. Adem\u00e1s robo de menaje de casa, dinero y valores.\",\"breadcrumb\":{\"@id\":\"https:\/\/www.hopeseguros.com.mx\/?page_id=217#breadcrumb\"},\"inLanguage\":\"en\",\"potentialAction\":[{\"@type\":\"ReadAction\",\"target\":[\"https:\/\/www.hopeseguros.com.mx\/?page_id=217\"]}]},{\"@type\":\"ImageObject\",\"inLanguage\":\"en\",\"@id\":\"https:\/\/www.hopeseguros.com.mx\/?page_id=217#primaryimage\",\"url\":\"https:\/\/www.hopeseguros.com.mx\/wp-content\/uploads\/2019\/05\/indoor-4148892_1280.jpg\",\"contentUrl\":\"https:\/\/www.hopeseguros.com.mx\/wp-content\/uploads\/2019\/05\/indoor-4148892_1280.jpg\",\"width\":1280,\"height\":853},{\"@type\":\"BreadcrumbList\",\"@id\":\"https:\/\/www.hopeseguros.com.mx\/?page_id=217#breadcrumb\",\"itemListElement\":[{\"@type\":\"ListItem\",\"position\":1,\"name\":\"Home\",\"item\":\"https:\/\/www.hopeseguros.com.mx\/\"},{\"@type\":\"ListItem\",\"position\":2,\"name\":\"Seguro de Hogar\"}]},{\"@type\":\"WebSite\",\"@id\":\"https:\/\/www.hopeseguros.com.mx\/#website\",\"url\":\"https:\/\/www.hopeseguros.com.mx\/\",\"name\":\"HOPE AGENTE\",\"description\":\"Expertos en seguros y fianzas\",\"publisher\":{\"@id\":\"https:\/\/www.hopeseguros.com.mx\/#organization\"},\"potentialAction\":[{\"@type\":\"SearchAction\",\"target\":{\"@type\":\"EntryPoint\",\"urlTemplate\":\"https:\/\/www.hopeseguros.com.mx\/?s={search_term_string}\"},\"query-input\":{\"@type\":\"PropertyValueSpecification\",\"valueRequired\":true,\"valueName\":\"search_term_string\"}}],\"inLanguage\":\"en\"},{\"@type\":\"Organization\",\"@id\":\"https:\/\/www.hopeseguros.com.mx\/#organization\",\"name\":\"Hope Agente de Seguros y De Fianzas\",\"url\":\"https:\/\/www.hopeseguros.com.mx\/\",\"logo\":{\"@type\":\"ImageObject\",\"inLanguage\":\"en\",\"@id\":\"https:\/\/www.hopeseguros.com.mx\/#\/schema\/logo\/image\/\",\"url\":\"https:\/\/www.hopeseguros.com.mx\/wp-content\/uploads\/2019\/05\/01-LogoHope-01.jpg\",\"contentUrl\":\"https:\/\/www.hopeseguros.com.mx\/wp-content\/uploads\/2019\/05\/01-LogoHope-01.jpg\",\"width\":1208,\"height\":579,\"caption\":\"Hope Agente de Seguros y De Fianzas\"},\"image\":{\"@id\":\"https:\/\/www.hopeseguros.com.mx\/#\/schema\/logo\/image\/\"}}]}<\/script>\n<!-- \/ Yoast SEO plugin. -->","yoast_head_json":{"title":"Seguro de Hogar - BROKER DE SEGUROS Y FIANZAS","description":"P\u00f3lizas de hogar con cobertura de celulares, equipo m\u00f3vil, audio y video. Adem\u00e1s robo de menaje de casa, dinero y valores.","robots":{"index":"index","follow":"follow","max-snippet":"max-snippet:-1","max-image-preview":"max-image-preview:large","max-video-preview":"max-video-preview:-1"},"canonical":"https:\/\/www.hopeseguros.com.mx\/?page_id=217","og_locale":"en_US","og_type":"article","og_title":"Seguro de Hogar - BROKER DE SEGUROS Y FIANZAS","og_description":"P\u00f3lizas de hogar con cobertura de celulares, equipo m\u00f3vil, audio y video. Adem\u00e1s robo de menaje de casa, dinero y valores.","og_url":"https:\/\/www.hopeseguros.com.mx\/?page_id=217","og_site_name":"BROKER DE SEGUROS Y FIANZAS","article_modified_time":"2024-02-16T01:18:54+00:00","og_image":[{"url":"https:\/\/www.hopeseguros.com.mx\/wp-content\/uploads\/2019\/05\/indoor-4148892_1280-1024x682.jpg","type":"","width":"","height":""}],"twitter_card":"summary_large_image","twitter_misc":{"Est. reading time":"2 minutes"},"schema":{"@context":"https:\/\/schema.org","@graph":[{"@type":"WebPage","@id":"https:\/\/www.hopeseguros.com.mx\/?page_id=217","url":"https:\/\/www.hopeseguros.com.mx\/?page_id=217","name":"Seguro de Hogar - BROKER DE SEGUROS Y FIANZAS","isPartOf":{"@id":"https:\/\/www.hopeseguros.com.mx\/#website"},"primaryImageOfPage":{"@id":"https:\/\/www.hopeseguros.com.mx\/?page_id=217#primaryimage"},"image":{"@id":"https:\/\/www.hopeseguros.com.mx\/?page_id=217#primaryimage"},"thumbnailUrl":"https:\/\/www.hopeseguros.com.mx\/wp-content\/uploads\/2019\/05\/indoor-4148892_1280-1024x682.jpg","datePublished":"2020-09-07T20:31:39+00:00","dateModified":"2024-02-16T01:18:54+00:00","description":"P\u00f3lizas de hogar con cobertura de celulares, equipo m\u00f3vil, audio y video. Adem\u00e1s robo de menaje de casa, dinero y valores.","breadcrumb":{"@id":"https:\/\/www.hopeseguros.com.mx\/?page_id=217#breadcrumb"},"inLanguage":"en","potentialAction":[{"@type":"ReadAction","target":["https:\/\/www.hopeseguros.com.mx\/?page_id=217"]}]},{"@type":"ImageObject","inLanguage":"en","@id":"https:\/\/www.hopeseguros.com.mx\/?page_id=217#primaryimage","url":"https:\/\/www.hopeseguros.com.mx\/wp-content\/uploads\/2019\/05\/indoor-4148892_1280.jpg","contentUrl":"https:\/\/www.hopeseguros.com.mx\/wp-content\/uploads\/2019\/05\/indoor-4148892_1280.jpg","width":1280,"height":853},{"@type":"BreadcrumbList","@id":"https:\/\/www.hopeseguros.com.mx\/?page_id=217#breadcrumb","itemListElement":[{"@type":"ListItem","position":1,"name":"Home","item":"https:\/\/www.hopeseguros.com.mx\/"},{"@type":"ListItem","position":2,"name":"Seguro de Hogar"}]},{"@type":"WebSite","@id":"https:\/\/www.hopeseguros.com.mx\/#website","url":"https:\/\/www.hopeseguros.com.mx\/","name":"HOPE AGENTE","description":"Expertos en seguros y fianzas","publisher":{"@id":"https:\/\/www.hopeseguros.com.mx\/#organization"},"potentialAction":[{"@type":"SearchAction","target":{"@type":"EntryPoint","urlTemplate":"https:\/\/www.hopeseguros.com.mx\/?s={search_term_string}"},"query-input":{"@type":"PropertyValueSpecification","valueRequired":true,"valueName":"search_term_string"}}],"inLanguage":"en"},{"@type":"Organization","@id":"https:\/\/www.hopeseguros.com.mx\/#organization","name":"Hope Agente de Seguros y De Fianzas","url":"https:\/\/www.hopeseguros.com.mx\/","logo":{"@type":"ImageObject","inLanguage":"en","@id":"https:\/\/www.hopeseguros.com.mx\/#\/schema\/logo\/image\/","url":"https:\/\/www.hopeseguros.com.mx\/wp-content\/uploads\/2019\/05\/01-LogoHope-01.jpg","contentUrl":"https:\/\/www.hopeseguros.com.mx\/wp-content\/uploads\/2019\/05\/01-LogoHope-01.jpg","width":1208,"height":579,"caption":"Hope Agente de Seguros y De Fianzas"},"image":{"@id":"https:\/\/www.hopeseguros.com.mx\/#\/schema\/logo\/image\/"}}]}},"_links":{"self":[{"href":"https:\/\/www.hopeseguros.com.mx\/index.php?rest_route=\/wp\/v2\/pages\/217","targetHints":{"allow":["GET"]}}],"collection":[{"href":"https:\/\/www.hopeseguros.com.mx\/index.php?rest_route=\/wp\/v2\/pages"}],"about":[{"href":"https:\/\/www.hopeseguros.com.mx\/index.php?rest_route=\/wp\/v2\/types\/page"}],"author":[{"embeddable":true,"href":"https:\/\/www.hopeseguros.com.mx\/index.php?rest_route=\/wp\/v2\/users\/1"}],"replies":[{"embeddable":true,"href":"https:\/\/www.hopeseguros.com.mx\/index.php?rest_route=%2Fwp%2Fv2%2Fcomments&post=217"}],"version-history":[{"count":25,"href":"https:\/\/www.hopeseguros.com.mx\/index.php?rest_route=\/wp\/v2\/pages\/217\/revisions"}],"predecessor-version":[{"id":1073,"href":"https:\/\/www.hopeseguros.com.mx\/index.php?rest_route=\/wp\/v2\/pages\/217\/revisions\/1073"}],"wp:attachment":[{"href":"https:\/\/www.hopeseguros.com.mx\/index.php?rest_route=%2Fwp%2Fv2%2Fmedia&parent=217"}],"curies":[{"name":"wp","href":"https:\/\/api.w.org\/{rel}","templated":true}]}}